{"id":19,"date":"2022-10-17T14:50:32","date_gmt":"2022-10-17T12:50:32","guid":{"rendered":"https:\/\/kardamaskin.se\/?page_id=19"},"modified":"2025-04-16T21:05:48","modified_gmt":"2025-04-16T19:05:48","slug":"om-oss","status":"publish","type":"page","link":"https:\/\/kardamaskin.se\/index.php\/om-oss\/","title":{"rendered":"Om Oss"},"content":{"rendered":"<p><div class=\"fusion-fullwidth fullwidth-box fusion-builder-row-1 fusion-flex-container has-pattern-background has-mask-background fusion-parallax-none nonhundred-percent-fullwidth non-hundred-percent-height-scrolling\" style=\"background-color: rgba(255,255,255,0);background-image: url(&quot;https:\/\/kardamaskin.se\/wp-content\/uploads\/2022\/10\/hyra-pic01.png&quot;);background-position: center center;background-repeat: no-repeat;border-width: 0px 0px 0px 0px;border-color:var(--awb-color3);border-style:solid;-webkit-background-size:cover;-moz-background-size:cover;-o-background-size:cover;background-size:cover;\" ><div class=\"fusion-builder-row fusion-row fusion-flex-align-items-flex-start\" style=\"max-width:1248px;margin-left: calc(-4% \/ 2 );margin-right: calc(-4% \/ 2 );\"><\/div><style type=\"text\/css\">.fusion-body .fusion-flex-container.fusion-builder-row-1{ padding-top : 150px;margin-top : 0px;padding-right : 0px;padding-bottom : 150px;margin-bottom : 0px;padding-left : 0px;}<\/style><\/div><div class=\"fusion-fullwidth fullwidth-box fusion-builder-row-2 fusion-flex-container has-pattern-background has-mask-background nonhundred-percent-fullwidth non-hundred-percent-height-scrolling\" style=\"background-color: rgba(255,255,255,0);background-position: center center;background-repeat: no-repeat;border-width: 0px 0px 0px 0px;border-color:var(--awb-color3);border-style:solid;\" ><div class=\"fusion-builder-row fusion-row fusion-flex-align-items-flex-start\" style=\"max-width:1248px;margin-left: calc(-4% \/ 2 );margin-right: calc(-4% \/ 2 );\"><div class=\"fusion-layout-column fusion_builder_column fusion-builder-column-0 fusion_builder_column_1_2 1_2 fusion-flex-column\"><div class=\"fusion-column-wrapper fusion-flex-justify-content-flex-start fusion-content-layout-column\" style=\"background-position:left top;background-repeat:no-repeat;-webkit-background-size:cover;-moz-background-size:cover;-o-background-size:cover;background-size:cover;padding: 0px 0px 0px 0px;\"><style type=\"text\/css\">@media only screen and (max-width:1024px) {.fusion-title.fusion-title-1{margin-top:10px!important; margin-right:0px!important;margin-bottom:15px!important;margin-left:0px!important;}}@media only screen and (max-width:640px) {.fusion-title.fusion-title-1{margin-top:10px!important; margin-right:0px!important;margin-bottom:10px!important; margin-left:0px!important;}}<\/style><div class=\"fusion-title title fusion-title-1 fusion-sep-none fusion-title-text fusion-title-size-two\" style=\"font-size:48px;margin-top:10px;margin-right:0px;margin-bottom:15px;margin-left:0px;\"><h2 class=\"title-heading-left\" style=\"margin:0;font-size:1em;color:#333333;\">Om oss<\/h2><\/div><div class=\"fusion-separator\" style=\"align-self: flex-start;margin-right:auto;margin-bottom:50px;width:100%;max-width:85px;\"><div class=\"fusion-separator-border sep-single sep-solid\" style=\"border-color:#e8b206;border-top-width:4px;\"><\/div><\/div><div class=\"fusion-text fusion-text-1\" style=\"text-align:left;\"><div class=\"page\" title=\"Page 1\">\n<div class=\"section\">\n<div class=\"layoutArea\">\n<div class=\"page\" title=\"Page 1\">\n<div class=\"section\">\n<div class=\"section\">\n<div class=\"layoutArea\">\n<div class=\"column\">\n<p>V\u00e4lkommen till K\u00e4rda Maskinservice AB!<\/p>\n<p>Eran kompletta truck leverant\u00f6r!<\/p>\n<p>Vi kan erbjuda v\u00e5ra kunder begagnade truckar, skurmaskiner och nya Yale truckar . Med ett dedikerat service-team kan vi erbjuda service och reparationer p\u00e5 alla marknadens k\u00e4nda varum\u00e4rken. Med v\u00e5rat gedigna intresse och l\u00e5nga erfarenhet s\u00e5 har vi hj\u00e4lpt v\u00e5ra kunder i mer \u00e4n 30 \u00e5r p\u00e5 marknaden.<\/p>\n<p>V\u00e5ra kunder finns i hela landet. V\u00e5r ledstj\u00e4rna \u00e4r h\u00f6g servicegrad och n\u00f6jda kunder, vilket \u00e4r en f\u00f6ruts\u00e4ttning f\u00f6r att kunna v\u00e4xa med l\u00f6nsamhet, som vi nu gjort under m\u00e5nga \u00e5r.<\/p>\n<\/div>\n<\/div>\n<\/div>\n<\/div>\n<\/div>\n<\/div>\n<\/div>\n<\/div>\n<\/div><div ><span class=\" fusion-imageframe imageframe-none imageframe-1 hover-type-none\"><img decoding=\"async\" width=\"1024\" height=\"683\" title=\"k\u00e4rdamaskinservice_\u00f6ppethus-33\" src=\"https:\/\/kardamaskin.se\/wp-content\/uploads\/2025\/04\/kardamaskinservice_oppethus-33-1024x683.jpg\" alt class=\"img-responsive wp-image-1032\" srcset=\"https:\/\/kardamaskin.se\/wp-content\/uploads\/2025\/04\/kardamaskinservice_oppethus-33-200x133.jpg 200w, https:\/\/kardamaskin.se\/wp-content\/uploads\/2025\/04\/kardamaskinservice_oppethus-33-400x267.jpg 400w, https:\/\/kardamaskin.se\/wp-content\/uploads\/2025\/04\/kardamaskinservice_oppethus-33-600x400.jpg 600w, https:\/\/kardamaskin.se\/wp-content\/uploads\/2025\/04\/kardamaskinservice_oppethus-33-800x534.jpg 800w, https:\/\/kardamaskin.se\/wp-content\/uploads\/2025\/04\/kardamaskinservice_oppethus-33-1200x800.jpg 1200w\" sizes=\"(max-width: 640px) 100vw, 600px\" \/><\/span><\/div><\/div><style type=\"text\/css\">.fusion-body .fusion-builder-column-0{width:50% !important;margin-top : 0px;margin-bottom : 20px;}.fusion-builder-column-0 > .fusion-column-wrapper {padding-top : 0px !important;padding-right : 0px !important;margin-right : 3.84%;padding-bottom : 0px !important;padding-left : 0px !important;margin-left : 3.84%;}@media only screen and (max-width:1024px) {.fusion-body .fusion-builder-column-0{width:50% !important;order : 0;}.fusion-builder-column-0 > .fusion-column-wrapper {margin-right : 3.84%;margin-left : 3.84%;}}@media only screen and (max-width:640px) {.fusion-body .fusion-builder-column-0{width:100% !important;order : 0;}.fusion-builder-column-0 > .fusion-column-wrapper {margin-right : 1.92%;margin-left : 1.92%;}}<\/style><\/div><div class=\"fusion-layout-column fusion_builder_column fusion-builder-column-1 fusion_builder_column_1_2 1_2 fusion-flex-column\"><div class=\"fusion-column-wrapper fusion-flex-justify-content-flex-start fusion-content-layout-column\" style=\"background-position:left top;background-repeat:no-repeat;-webkit-background-size:cover;-moz-background-size:cover;-o-background-size:cover;background-size:cover;padding: 0px 0px 0px 0px;\"><div id=\"map-container\">\n<img decoding=\"async\" src=\"https:\/\/ja-truck.com\/wp-content\/uploads\/2024\/12\/sweden2.png\" alt=\"Sweden\" usemap=\"#swedenmap\" \/>\n  \n<map name=\"swedenmap\">\n\n<area shape=\"poly\" name=\"skane\" coords=\"50,540,46,501,82,503,84,517,81,542,50,540\" onmouseover=\"skaneAdd()\" onmouseout=\"skaneRem()\" \/>\n\n<area shape=\"poly\" name=\"blekinge\" coords=\"88,514,85,501,105,498,121,510,116,518,102,518\" onmouseover=\"blekingeAdd()\" onmouseout=\"blekingeRem()\" \/>\n\n<area shape=\"poly\" name=\"smaland\" coords=\"65,501,56,476,82,449,100,439,105,451,129,433,118,505,101,494,80,501\" onmouseover=\"smalandAdd()\" onmouseout=\"smalandRem()\" \/>\n\n<area shape=\"poly\" name=\"halland\" coords=\"46,500,62,498,40,455,26,459,46,500\" onmouseover=\"hallandAdd()\" onmouseout=\"hallandRem()\" \/>\n\n<area shape=\"poly\" name=\"WCP1\" coords=\"39,426,79,401,90,414,55,470,34,452,39,426\" onmouseover=\"WCP1Add()\" onmouseout=\"WCP1Rem()\" \/>\n\n<area shape=\"poly\" name=\"WCP2\" coords=\"28,450,15,397,28,397,37,423\" onmouseover=\"WCP2Add()\" onmouseout=\"WCP2Rem()\" \/>\n\n<area shape=\"poly\" name=\"rest\" coords=\"38,408,37,367,53,211,110,97,181,5,242,124,184,223,140,333,177,371,166,401,131,427,107,440,90,430,90,393\" onmouseover=\"restAdd()\" onmouseout=\"restRem()\" \/>\n\n  \n\n<\/map>\n<\/map>\n\n<address>\n<div id=\"smaland\">\nK\u00e4rda Maskinservice AB<br>\nBang\u00e5rdsgatan 37.<br>\n331 35 V\u00e4rnamo<br>\n<br>\n+46 370-283 41\n<\/div>\n\n<div id=\"halland\">\nJ.A TRUCK AB<br>\nF\u00f6retagsv\u00e4gen 5.<br>\n246 43 L\u00f6ddek\u00f6pinge<br>\n<br>\n+46 46-705900\n<\/div>\n\n<div id=\"blekinge\">\nJ.A TRUCK AB<br>\nF\u00f6retagsv\u00e4gen 5.<br>\n246 43 L\u00f6ddek\u00f6pinge<br>\n<br>\n+46 46-705900\n<\/div>\n\n<div id=\"skane\">\nJ.A TRUCK AB<br>\nF\u00f6retagsv\u00e4gen 5.<br>\n246 43 L\u00f6ddek\u00f6pinge<br>\n<br>\n+46 46-705900\n<\/div>\n  \n<div id=\"rest\">\nYale Svenska AB<br>\nReservdelar\/Support<br>\n070-5761199<br>\nmartin@ysv.se<br>\n<\/div>\n  \n<div id=\"WCP1\">\nBohusl\u00e4n Truck & Maskin AB<br>\nStormhagsv\u00e4gen 8<br>\n451 94 Uddevalla<br>\n+46 73-036 11 33<br>\n<\/div>\n\n<div id=\"WCP2\">\nBohusl\u00e4n Truck & Maskin AB<br>\nStormhagsv\u00e4gen 8<br>\n451 94 Uddevalla<br>\n+46 73-036 11 33<br>\n<\/div>\n<\/address>\n<\/div>\n\n<style>\n#map-container {\n    display: block;\n    width: 500px;\n  }\n  \n#map-container img {\n  float: left;\n}\n\n#map-container address {\n  float: right;\n}\n\narea[name=smaland],\narea[name=halland],\narea[name=skane],\narea[name=blekinge],\narea[name=rest],\narea[name=WCP1],\narea[name=WCP2] {\n  cursor: pointer;\n}\n\n#smaland,\n#halland,\n#blekinge,\n#skane,\n#rest,\n#WCP1,\n#WCP2 {\n  display: block !important;\n  background: #E8B206 !important;\n  width: 145px !important;\n  padding: 10px !important;\n  margin-bottom: 10px !important;\n  border-radius: 8px !important;\n  font-size: 14px !important;\n  line-height: 16px !important;\n  opacity: 0;\n  transition: opacity .4s ease;\n}\n\n.show { opacity: 1 !important; }\n<\/style>\n\n<script>\nfunction smalandAdd(e) {\n  document.querySelector('#smaland').classList.add(\"show\");\n}\n\nfunction smalandRem(e) {\n  document.querySelector('#smaland').classList.remove(\"show\");\n}\n\nfunction hallandAdd(e) {\n  document.querySelector('#halland').classList.add(\"show\");\n}\n\nfunction hallandRem(e) {\n  document.querySelector('#halland').classList.remove(\"show\");\n}\n\nfunction blekingeAdd(e) {\n  document.querySelector('#blekinge').classList.add(\"show\");\n}\n\nfunction blekingeRem(e) {\n  document.querySelector('#blekinge').classList.remove(\"show\");\n}\n\nfunction skaneAdd(e) {\n  document.querySelector('#skane').classList.add(\"show\");\n}\n\nfunction skaneRem(e) {\n  document.querySelector('#skane').classList.remove(\"show\");\n}\n  \nfunction restAdd(e) {\n  document.querySelector('#rest').classList.add(\"show\");\n}\n\nfunction restRem(e) {\n  document.querySelector('#rest').classList.remove(\"show\");\n}\n  \nfunction WCP1Add(e) {\n  document.querySelector('#WCP1').classList.add(\"show\");\n}\n\nfunction WCP1Rem(e) {\n  document.querySelector('#WCP1').classList.remove(\"show\");\n}\n  \nfunction WCP2Add(e) {\n  document.querySelector('#WCP2').classList.add(\"show\");\n}\n\nfunction WCP2Rem(e) {\n  document.querySelector('#WCP2').classList.remove(\"show\");\n}\n<\/script><div ><span class=\" fusion-imageframe imageframe-none imageframe-2 hover-type-none\"><img decoding=\"async\" width=\"1024\" height=\"683\" title=\"k\u00e4rdamaskinservice_\u00f6ppethus-26\" src=\"https:\/\/kardamaskin.se\/wp-content\/uploads\/2025\/04\/kardamaskinservice_oppethus-26-1024x683.jpg\" alt class=\"img-responsive wp-image-1031\" srcset=\"https:\/\/kardamaskin.se\/wp-content\/uploads\/2025\/04\/kardamaskinservice_oppethus-26-200x133.jpg 200w, https:\/\/kardamaskin.se\/wp-content\/uploads\/2025\/04\/kardamaskinservice_oppethus-26-400x267.jpg 400w, https:\/\/kardamaskin.se\/wp-content\/uploads\/2025\/04\/kardamaskinservice_oppethus-26-600x400.jpg 600w, https:\/\/kardamaskin.se\/wp-content\/uploads\/2025\/04\/kardamaskinservice_oppethus-26-800x534.jpg 800w, https:\/\/kardamaskin.se\/wp-content\/uploads\/2025\/04\/kardamaskinservice_oppethus-26-1200x800.jpg 1200w\" sizes=\"(max-width: 640px) 100vw, 600px\" \/><\/span><\/div><\/div><style type=\"text\/css\">.fusion-body .fusion-builder-column-1{width:50% !important;margin-top : 0px;margin-bottom : 20px;}.fusion-builder-column-1 > .fusion-column-wrapper {padding-top : 0px !important;padding-right : 0px !important;margin-right : 3.84%;padding-bottom : 0px !important;padding-left : 0px !important;margin-left : 3.84%;}@media only screen and (max-width:1024px) {.fusion-body .fusion-builder-column-1{width:50% !important;order : 0;}.fusion-builder-column-1 > .fusion-column-wrapper {margin-right : 3.84%;margin-left : 3.84%;}}@media only screen and (max-width:640px) {.fusion-body .fusion-builder-column-1{width:100% !important;order : 0;}.fusion-builder-column-1 > .fusion-column-wrapper {margin-right : 1.92%;margin-left : 1.92%;}}<\/style><\/div><\/div><style type=\"text\/css\">.fusion-body .fusion-flex-container.fusion-builder-row-2{ padding-top : 50px;margin-top : 0px;padding-right : 0px;padding-bottom : 0px;margin-bottom : 0px;padding-left : 0px;}<\/style><\/div><\/p>\n","protected":false},"excerpt":{"rendered":"","protected":false},"author":1,"featured_media":0,"parent":0,"menu_order":0,"comment_status":"closed","ping_status":"closed","template":"100-width.php","meta":{"footnotes":""},"class_list":["post-19","page","type-page","status-publish","hentry"],"_links":{"self":[{"href":"https:\/\/kardamaskin.se\/index.php\/wp-json\/wp\/v2\/pages\/19","targetHints":{"allow":["GET"]}}],"collection":[{"href":"https:\/\/kardamaskin.se\/index.php\/wp-json\/wp\/v2\/pages"}],"about":[{"href":"https:\/\/kardamaskin.se\/index.php\/wp-json\/wp\/v2\/types\/page"}],"author":[{"embeddable":true,"href":"https:\/\/kardamaskin.se\/index.php\/wp-json\/wp\/v2\/users\/1"}],"replies":[{"embeddable":true,"href":"https:\/\/kardamaskin.se\/index.php\/wp-json\/wp\/v2\/comments?post=19"}],"version-history":[{"count":17,"href":"https:\/\/kardamaskin.se\/index.php\/wp-json\/wp\/v2\/pages\/19\/revisions"}],"predecessor-version":[{"id":1034,"href":"https:\/\/kardamaskin.se\/index.php\/wp-json\/wp\/v2\/pages\/19\/revisions\/1034"}],"wp:attachment":[{"href":"https:\/\/kardamaskin.se\/index.php\/wp-json\/wp\/v2\/media?parent=19"}],"curies":[{"name":"wp","href":"https:\/\/api.w.org\/{rel}","templated":true}]}}