{"id":271,"date":"2022-11-15T12:21:11","date_gmt":"2022-11-15T11:21:11","guid":{"rendered":"https:\/\/kardamaskin.se\/?page_id=271"},"modified":"2022-11-18T14:10:27","modified_gmt":"2022-11-18T13:10:27","slug":"liftutbildning","status":"publish","type":"page","link":"https:\/\/kardamaskin.se\/index.php\/liftutbildning\/","title":{"rendered":"Liftutbildning"},"content":{"rendered":"<p><div class=\"fusion-fullwidth fullwidth-box fusion-builder-row-1 fusion-flex-container has-pattern-background has-mask-background fusion-parallax-none hundred-percent-fullwidth non-hundred-percent-height-scrolling\" style=\"background-color: rgba(255,255,255,0);background-image: url(&quot;https:\/\/kardamaskin.se\/wp-content\/uploads\/revslider\/video-media\/yaleseriesn-webbannervideov3-compressed_1.jpeg&quot;);background-position: center center;background-repeat: no-repeat;border-width: 0px 0px 0px 0px;border-color:var(--awb-color3);border-style:solid;-webkit-background-size:cover;-moz-background-size:cover;-o-background-size:cover;background-size:cover;\" ><div class=\"fusion-builder-row fusion-row fusion-flex-align-items-flex-start\" style=\"width:104% !important;max-width:104% !important;margin-left: calc(-4% \/ 2 );margin-right: calc(-4% \/ 2 );\"><div class=\"fusion-layout-column fusion_builder_column fusion-builder-column-0 fusion_builder_column_1_1 1_1 fusion-flex-column\"><div class=\"fusion-column-wrapper fusion-flex-justify-content-flex-start fusion-content-layout-column\" style=\"background-position:left top;background-repeat:no-repeat;-webkit-background-size:cover;-moz-background-size:cover;-o-background-size:cover;background-size:cover;padding: 0px 0px 0px 0px;\"><\/div><style type=\"text\/css\">.fusion-body .fusion-builder-column-0{width:100% !important;margin-top : 0px;margin-bottom : 20px;}.fusion-builder-column-0 > .fusion-column-wrapper {padding-top : 0px !important;padding-right : 0px !important;margin-right : 1.92%;padding-bottom : 0px !important;padding-left : 0px !important;margin-left : 1.92%;}@media only screen and (max-width:1024px) {.fusion-body .fusion-builder-column-0{width:100% !important;order : 0;}.fusion-builder-column-0 > .fusion-column-wrapper {margin-right : 1.92%;margin-left : 1.92%;}}@media only screen and (max-width:640px) {.fusion-body .fusion-builder-column-0{width:100% !important;order : 0;}.fusion-builder-column-0 > .fusion-column-wrapper {margin-right : 1.92%;margin-left : 1.92%;}}<\/style><\/div><\/div><style type=\"text\/css\">.fusion-body .fusion-flex-container.fusion-builder-row-1{ padding-top : 0px;margin-top : 0px;padding-right : 0px;padding-bottom : 300px;margin-bottom : 100px;padding-left : 0px;}<\/style><\/div><div class=\"fusion-fullwidth fullwidth-box fusion-builder-row-2 fusion-flex-container has-pattern-background has-mask-background nonhundred-percent-fullwidth non-hundred-percent-height-scrolling\" style=\"background-color: rgba(255,255,255,0);background-position: center center;background-repeat: no-repeat;border-width: 0px 0px 0px 0px;border-color:var(--awb-color3);border-style:solid;\" ><div class=\"fusion-builder-row fusion-row fusion-flex-align-items-flex-start\" style=\"max-width:1248px;margin-left: calc(-4% \/ 2 );margin-right: calc(-4% \/ 2 );\"><div class=\"fusion-layout-column fusion_builder_column fusion-builder-column-1 fusion_builder_column_1_2 1_2 fusion-flex-column\"><div class=\"fusion-column-wrapper fusion-flex-justify-content-flex-start fusion-content-layout-column\" style=\"background-position:left top;background-repeat:no-repeat;-webkit-background-size:cover;-moz-background-size:cover;-o-background-size:cover;background-size:cover;padding: 0px 0px 0px 0px;\"><style type=\"text\/css\">@media only screen and (max-width:1024px) {.fusion-title.fusion-title-1{margin-top:10px!important; margin-right:0px!important;margin-bottom:15px!important;margin-left:0px!important;}}@media only screen and (max-width:640px) {.fusion-title.fusion-title-1{margin-top:10px!important; margin-right:0px!important;margin-bottom:10px!important; margin-left:0px!important;}}<\/style><div class=\"fusion-title title fusion-title-1 fusion-sep-none fusion-title-text fusion-title-size-two\" style=\"font-size:32px;margin-top:10px;margin-right:0px;margin-bottom:15px;margin-left:0px;\"><h2 class=\"title-heading-left\" style=\"margin:0;font-size:1em;\">V\u00e5r liftutbildning<\/h2><\/div><div class=\"fusion-text fusion-text-1\" style=\"text-align:left;\"><p>Vi utf\u00e4rdar f\u00f6rarbevis f\u00f6r mobila arbetsplattformar, dvs, skylift, saxlift och bomlift. Efter genomf\u00f6rd utbildning har liftoperat\u00f6ren helt\u00e4ckande beh\u00f6righet f\u00f6r de vanligast f\u00f6rekommande lifttyperna; <strong>A1, A3, B1 och B3<\/strong><\/p>\n<p>Hos oss arbetar skickliga utbildare med l\u00e5ng erfarenhet. Vi f\u00f6ljer <strong>SS-ISO18878:2013<\/strong> och utbildar utifr\u00e5n <strong>Liftl\u00e4roplanen (LLP)<\/strong>.<\/p>\n<\/div><div class=\"fusion-separator\" style=\"align-self: flex-start;margin-right:auto;margin-bottom:50px;width:100%;max-width:85px;\"><div class=\"fusion-separator-border sep-single sep-solid\" style=\"border-color:#e8b206;border-top-width:4px;\"><\/div><\/div><style type=\"text\/css\">@media only screen and (max-width:1024px) {.fusion-title.fusion-title-2{margin-top:10px!important; margin-right:0px!important;margin-bottom:15px!important;margin-left:0px!important;}}@media only screen and (max-width:640px) {.fusion-title.fusion-title-2{margin-top:10px!important; margin-right:0px!important;margin-bottom:10px!important; margin-left:0px!important;}}<\/style><div class=\"fusion-title title fusion-title-2 fusion-sep-none fusion-title-text fusion-title-size-three\" style=\"font-size:22px;margin-top:10px;margin-right:0px;margin-bottom:15px;margin-left:0px;\"><h3 class=\"title-heading-left\" style=\"margin:0;font-size:1em;\">Till vem riktar sig utbildningen?<\/h3><\/div><div class=\"fusion-text fusion-text-2\" style=\"text-align:left;\"><p>V\u00e5r liftutbildning v\u00e4nder sig till alla som anv\u00e4nder mobila arbetsplattformar i sitt yrke, men \u00e4ven till arbetsledare och skyddsombud som beh\u00f6ver kunskap f\u00f6r att kunna planera arbetet med och runt liftar. En trygg och s\u00e4ker arbetsmilj\u00f6 \u00e4r livsviktig och v\u00e4gen till det g\u00e5r via riskmedvetna och trygga f\u00f6rare. D\u00e4rf\u00f6r l\u00e4gger vi extra fokus p\u00e5 s\u00e4kerhetsaspekten under utbildningen.<\/p>\n<\/div><div class=\"fusion-separator\" style=\"align-self: flex-start;margin-right:auto;margin-bottom:50px;width:100%;max-width:85px;\"><div class=\"fusion-separator-border sep-single sep-solid\" style=\"border-color:#e8b206;border-top-width:4px;\"><\/div><\/div><style type=\"text\/css\">@media only screen and (max-width:1024px) {.fusion-title.fusion-title-3{margin-top:10px!important; margin-right:0px!important;margin-bottom:15px!important;margin-left:0px!important;}}@media only screen and (max-width:640px) {.fusion-title.fusion-title-3{margin-top:10px!important; margin-right:0px!important;margin-bottom:10px!important; margin-left:0px!important;}}<\/style><div class=\"fusion-title title fusion-title-3 fusion-sep-none fusion-title-text fusion-title-size-three\" style=\"font-size:22px;margin-top:10px;margin-right:0px;margin-bottom:15px;margin-left:0px;\"><h3 class=\"title-heading-left\" style=\"margin:0;font-size:1em;\">Repetitionskurs f\u00f6r mobila arbetsplattformar.<\/h3><\/div><div class=\"fusion-text fusion-text-3\" style=\"text-align:left;\"><p>Repetitionskursens syfte \u00e4r att kompetensutveckla och repetitionsutbilda den som redan innehar ett utbildningsbevis f\u00f6r arbetsplattformar och som regelbundet arbetar med dessa. Den som redan innehar ett utbildningsbevis men som inte har s\u00e5 stor vana av att hantera liftar, b\u00f6r i st\u00e4llet genomg\u00e5 en f\u00f6rnyad grundutbildning.<\/p>\n<p>Repetitionskursen tar ca fyra timmar att genomf\u00f6ra och h\u00e5lls under den f\u00f6rsta delen\/f\u00f6rmiddagen av den ordinarie grundutbildningen. Den som anm\u00e4ler sig till en repetitionskurs ska kunna uppvisa ett utbildningsbevis f\u00f6r grundl\u00e4ggande liftutbildning enligt LLP eller kunna uppvisa en f\u00f6rs\u00e4kran fr\u00e5n nuvarande eller tidigare arbetsgivare att denne har haft ett utbildningsbevis.<\/p>\n<\/div><style type=\"text\/css\">@media only screen and (max-width:1024px) {.fusion-title.fusion-title-4{margin-top:10px!important; margin-right:0px!important;margin-bottom:15px!important;margin-left:0px!important;}}@media only screen and (max-width:640px) {.fusion-title.fusion-title-4{margin-top:10px!important; margin-right:0px!important;margin-bottom:10px!important; margin-left:0px!important;}}<\/style><div class=\"fusion-title title fusion-title-4 fusion-sep-none fusion-title-text fusion-title-size-four\" style=\"font-size:18px;margin-top:10px;margin-right:0px;margin-bottom:15px;margin-left:0px;\"><h4 class=\"title-heading-left\" style=\"margin:0;font-size:1em;\">Christer Olsson<\/h4><\/div><div class=\"fusion-text fusion-text-4\" style=\"text-align:left;\"><p><strong>Utbildningsansvarig<\/strong><br \/>\n<a href=\"tfu@kardamaskin.se\">tfu@kardamaskin.se<\/a><\/p>\n<\/div><\/div><style type=\"text\/css\">.fusion-body .fusion-builder-column-1{width:50% !important;margin-top : 0px;margin-bottom : 20px;}.fusion-builder-column-1 > .fusion-column-wrapper {padding-top : 0px !important;padding-right : 0px !important;margin-right : 3.84%;padding-bottom : 0px !important;padding-left : 0px !important;margin-left : 3.84%;}@media only screen and (max-width:1024px) {.fusion-body .fusion-builder-column-1{width:50% !important;order : 0;}.fusion-builder-column-1 > .fusion-column-wrapper {margin-right : 3.84%;margin-left : 3.84%;}}@media only screen and (max-width:640px) {.fusion-body .fusion-builder-column-1{width:100% !important;order : 0;}.fusion-builder-column-1 > .fusion-column-wrapper {margin-right : 1.92%;margin-left : 1.92%;}}<\/style><\/div><div class=\"fusion-layout-column fusion_builder_column fusion-builder-column-2 fusion_builder_column_1_2 1_2 fusion-flex-column\"><div class=\"fusion-column-wrapper fusion-flex-justify-content-flex-start fusion-content-layout-column\" style=\"background-position:left top;background-repeat:no-repeat;-webkit-background-size:cover;-moz-background-size:cover;-o-background-size:cover;background-size:cover;padding: 0px 0px 0px 0px;\"><style type=\"text\/css\">@media only screen and (max-width:1024px) {.fusion-title.fusion-title-5{margin-top:10px!important; margin-right:0px!important;margin-bottom:15px!important;margin-left:0px!important;}}@media only screen and (max-width:640px) {.fusion-title.fusion-title-5{margin-top:10px!important; margin-right:0px!important;margin-bottom:10px!important; margin-left:0px!important;}}<\/style><div class=\"fusion-title title fusion-title-5 fusion-sep-none fusion-title-text fusion-title-size-two\" style=\"font-size:32px;margin-top:10px;margin-right:0px;margin-bottom:15px;margin-left:0px;\"><h2 class=\"title-heading-left\" style=\"margin:0;font-size:1em;\">Utbildningens inneh\u00e5ll och uppl\u00e4gg<\/h2><\/div><div class=\"fusion-text fusion-text-5\" style=\"text-align:left;\"><p>Utbildningen p\u00e5g\u00e5r under en dag och genomf\u00f6rs antingen p\u00e5 ert f\u00f6retag eller i v\u00e5ra lokaler och med v\u00e5ra maskiner, det v\u00e4ljer ni!<br \/>\nUnder f\u00f6rmiddagen genomf\u00f6r vi den teoretiska delen av utbildningen och p\u00e5 eftermiddagen \u00f6var vi praktiskt med liftarna. Efter avslutad utbildning med godk\u00e4nda resultat registreras kursdeltagarna, f\u00e5r ett kursintyg och kan direkt p\u00e5b\u00f6rja arbetet med mobila arbetsplattformar.<\/p>\n<\/div><div class=\"fusion-separator\" style=\"align-self: flex-start;margin-right:auto;margin-bottom:50px;width:100%;max-width:85px;\"><div class=\"fusion-separator-border sep-single sep-solid\" style=\"border-color:#e8b206;border-top-width:4px;\"><\/div><\/div><style type=\"text\/css\">@media only screen and (max-width:1024px) {.fusion-title.fusion-title-6{margin-top:10px!important; margin-right:0px!important;margin-bottom:15px!important;margin-left:0px!important;}}@media only screen and (max-width:640px) {.fusion-title.fusion-title-6{margin-top:10px!important; margin-right:0px!important;margin-bottom:10px!important; margin-left:0px!important;}}<\/style><div class=\"fusion-title title fusion-title-6 fusion-sep-none fusion-title-text fusion-title-size-three\" style=\"font-size:22px;margin-top:10px;margin-right:0px;margin-bottom:15px;margin-left:0px;\"><h3 class=\"title-heading-left\" style=\"margin:0;font-size:1em;\">Uppl\u00e4gget f\u00f6r dagen ser ut s\u00e5h\u00e4r:<\/h3><\/div><div class=\"fusion-text fusion-text-6\" style=\"text-align:left;\"><ul>\n<li>Genomg\u00e5ng av f\u00f6rarkrav<\/li>\n<li>Olika arbetsplattformar<\/li>\n<li>Konstruktion<\/li>\n<li>Sk\u00f6tsel och daglig tillsyn<\/li>\n<li>S\u00e4kert arbetss\u00e4tt<\/li>\n<li>Lagar och arbetarskydd<\/li>\n<li>Riskbed\u00f6mning<\/li>\n<li>\u00d6vrigt och fr\u00e5gor<\/li>\n<\/ul>\n<\/div><div class=\"fusion-separator\" style=\"align-self: flex-start;margin-right:auto;margin-bottom:50px;width:100%;max-width:85px;\"><div class=\"fusion-separator-border sep-single sep-solid\" style=\"border-color:#e8b206;border-top-width:4px;\"><\/div><\/div><style type=\"text\/css\">@media only screen and (max-width:1024px) {.fusion-title.fusion-title-7{margin-top:10px!important; margin-right:0px!important;margin-bottom:15px!important;margin-left:0px!important;}}@media only screen and (max-width:640px) {.fusion-title.fusion-title-7{margin-top:10px!important; margin-right:0px!important;margin-bottom:10px!important; margin-left:0px!important;}}<\/style><div class=\"fusion-title title fusion-title-7 fusion-sep-none fusion-title-text fusion-title-size-three\" style=\"font-size:22px;margin-top:10px;margin-right:0px;margin-bottom:15px;margin-left:0px;\"><h3 class=\"title-heading-left\" style=\"margin:0;font-size:1em;\">Utbildningsbevis<\/h3><\/div><div class=\"fusion-text fusion-text-7\" style=\"text-align:left;\"><p>Efter genomf\u00f6rd utbildning med godk\u00e4nda resultat f\u00e5r deltagarna ett utbildningsbevis. Utbildningsbeviset \u00e4r giltigt i fem \u00e5r. N\u00e4r giltighetstiden l\u00f6pt ut beh\u00f6vs en repetitionskurs f\u00f6r att erh\u00e5lla ett nytt utbildningsbevis med fem \u00e5rs giltighetstid.<\/p>\n<\/div><div class=\"fusion-separator\" style=\"align-self: flex-start;margin-right:auto;margin-bottom:50px;width:100%;max-width:85px;\"><div class=\"fusion-separator-border sep-single sep-solid\" style=\"border-color:#e8b206;border-top-width:4px;\"><\/div><\/div><style type=\"text\/css\">@media only screen and (max-width:1024px) {.fusion-title.fusion-title-8{margin-top:10px!important; margin-right:0px!important;margin-bottom:15px!important;margin-left:0px!important;}}@media only screen and (max-width:640px) {.fusion-title.fusion-title-8{margin-top:10px!important; margin-right:0px!important;margin-bottom:10px!important; margin-left:0px!important;}}<\/style><div class=\"fusion-title title fusion-title-8 fusion-sep-none fusion-title-text fusion-title-size-three\" style=\"font-size:22px;margin-top:10px;margin-right:0px;margin-bottom:15px;margin-left:0px;\"><h3 class=\"title-heading-left\" style=\"margin:0;font-size:1em;\">Vill du anm\u00e4la dig till n\u00e5gon av v\u00e5ra kurser?<\/h3><\/div><div class=\"fusion-text fusion-text-8\" style=\"text-align:left;\"><p>V\u00e4lkommen att boka direkt online eller kontakta utbildningsansvarig Christer Olsson f\u00f6r mer information och bokning. F\u00f6r att kunna planera utbildningen p\u00e5 b\u00e4sta s\u00e4tt beh\u00f6ver vi f\u00e5 in er anm\u00e4lan senast 4 veckor f\u00f6re kursstart.<\/p>\n<\/div><\/div><style type=\"text\/css\">.fusion-body .fusion-builder-column-2{width:50% !important;margin-top : 0px;margin-bottom : 20px;}.fusion-builder-column-2 > .fusion-column-wrapper {padding-top : 0px !important;padding-right : 0px !important;margin-right : 3.84%;padding-bottom : 0px !important;padding-left : 0px !important;margin-left : 3.84%;}@media only screen and (max-width:1024px) {.fusion-body .fusion-builder-column-2{width:50% !important;order : 0;}.fusion-builder-column-2 > .fusion-column-wrapper {margin-right : 3.84%;margin-left : 3.84%;}}@media only screen and (max-width:640px) {.fusion-body .fusion-builder-column-2{width:100% !important;order : 0;}.fusion-builder-column-2 > .fusion-column-wrapper {margin-right : 1.92%;margin-left : 1.92%;}}<\/style><\/div><\/div><style type=\"text\/css\">.fusion-body .fusion-flex-container.fusion-builder-row-2{ padding-top : 0px;margin-top : 0px;padding-right : 0px;padding-bottom : 0px;margin-bottom : 0px;padding-left : 0px;}<\/style><\/div><\/p>\n","protected":false},"excerpt":{"rendered":"","protected":false},"author":1,"featured_media":0,"parent":0,"menu_order":0,"comment_status":"closed","ping_status":"closed","template":"100-width.php","meta":{"footnotes":""},"class_list":["post-271","page","type-page","status-publish","hentry"],"_links":{"self":[{"href":"https:\/\/kardamaskin.se\/index.php\/wp-json\/wp\/v2\/pages\/271","targetHints":{"allow":["GET"]}}],"collection":[{"href":"https:\/\/kardamaskin.se\/index.php\/wp-json\/wp\/v2\/pages"}],"about":[{"href":"https:\/\/kardamaskin.se\/index.php\/wp-json\/wp\/v2\/types\/page"}],"author":[{"embeddable":true,"href":"https:\/\/kardamaskin.se\/index.php\/wp-json\/wp\/v2\/users\/1"}],"replies":[{"embeddable":true,"href":"https:\/\/kardamaskin.se\/index.php\/wp-json\/wp\/v2\/comments?post=271"}],"version-history":[{"count":15,"href":"https:\/\/kardamaskin.se\/index.php\/wp-json\/wp\/v2\/pages\/271\/revisions"}],"predecessor-version":[{"id":323,"href":"https:\/\/kardamaskin.se\/index.php\/wp-json\/wp\/v2\/pages\/271\/revisions\/323"}],"wp:attachment":[{"href":"https:\/\/kardamaskin.se\/index.php\/wp-json\/wp\/v2\/media?parent=271"}],"curies":[{"name":"wp","href":"https:\/\/api.w.org\/{rel}","templated":true}]}}