{"id":301,"date":"2022-11-15T14:55:41","date_gmt":"2022-11-15T13:55:41","guid":{"rendered":"https:\/\/kardamaskin.se\/?page_id=301"},"modified":"2025-04-16T20:55:04","modified_gmt":"2025-04-16T18:55:04","slug":"karriar","status":"publish","type":"page","link":"https:\/\/kardamaskin.se\/index.php\/karriar\/","title":{"rendered":"Karri\u00e4r"},"content":{"rendered":"<p><div class=\"fusion-fullwidth fullwidth-box fusion-builder-row-1 fusion-flex-container has-pattern-background has-mask-background fusion-parallax-none nonhundred-percent-fullwidth non-hundred-percent-height-scrolling\" style=\"background-color: rgba(255,255,255,0);background-image: url(&quot;https:\/\/kardamaskin.se\/wp-content\/uploads\/2022\/10\/omoss-pic01.png&quot;);background-position: center center;background-repeat: no-repeat;border-width: 0px 0px 0px 0px;border-color:var(--awb-color3);border-style:solid;-webkit-background-size:cover;-moz-background-size:cover;-o-background-size:cover;background-size:cover;\" ><div class=\"fusion-builder-row fusion-row fusion-flex-align-items-flex-start\" style=\"max-width:1248px;margin-left: calc(-4% \/ 2 );margin-right: calc(-4% \/ 2 );\"><div class=\"fusion-layout-column fusion_builder_column fusion-builder-column-0 fusion_builder_column_1_1 1_1 fusion-flex-column\"><div class=\"fusion-column-wrapper fusion-flex-justify-content-flex-start fusion-content-layout-column\" style=\"background-position:left top;background-repeat:no-repeat;-webkit-background-size:cover;-moz-background-size:cover;-o-background-size:cover;background-size:cover;padding: 0px 0px 0px 0px;\"><\/div><style type=\"text\/css\">.fusion-body .fusion-builder-column-0{width:100% !important;margin-top : 0px;margin-bottom : 20px;}.fusion-builder-column-0 > .fusion-column-wrapper {padding-top : 0px !important;padding-right : 0px !important;margin-right : 1.92%;padding-bottom : 0px !important;padding-left : 0px !important;margin-left : 1.92%;}@media only screen and (max-width:1024px) {.fusion-body .fusion-builder-column-0{width:100% !important;order : 0;}.fusion-builder-column-0 > .fusion-column-wrapper {margin-right : 1.92%;margin-left : 1.92%;}}@media only screen and (max-width:640px) {.fusion-body .fusion-builder-column-0{width:100% !important;order : 0;}.fusion-builder-column-0 > .fusion-column-wrapper {margin-right : 1.92%;margin-left : 1.92%;}}<\/style><\/div><\/div><style type=\"text\/css\">.fusion-body .fusion-flex-container.fusion-builder-row-1{ padding-top : 150px;margin-top : 0px;padding-right : 0px;padding-bottom : 150px;margin-bottom : 0px;padding-left : 0px;}<\/style><\/div><div class=\"fusion-fullwidth fullwidth-box fusion-builder-row-2 fusion-flex-container has-pattern-background has-mask-background nonhundred-percent-fullwidth non-hundred-percent-height-scrolling\" style=\"background-color: rgba(255,255,255,0);background-position: center center;background-repeat: no-repeat;border-width: 0px 0px 0px 0px;border-color:var(--awb-color3);border-style:solid;\" ><div class=\"fusion-builder-row fusion-row fusion-flex-align-items-flex-start\" style=\"max-width:1248px;margin-left: calc(-4% \/ 2 );margin-right: calc(-4% \/ 2 );\"><div class=\"fusion-layout-column fusion_builder_column fusion-builder-column-1 fusion_builder_column_1_2 1_2 fusion-flex-column\"><div class=\"fusion-column-wrapper fusion-flex-justify-content-flex-start fusion-content-layout-column\" style=\"background-position:left top;background-repeat:no-repeat;-webkit-background-size:cover;-moz-background-size:cover;-o-background-size:cover;background-size:cover;padding: 0px 0px 0px 0px;\"><style type=\"text\/css\">@media only screen and (max-width:1024px) {.fusion-title.fusion-title-1{margin-top:10px!important; margin-right:0px!important;margin-bottom:15px!important;margin-left:0px!important;}}@media only screen and (max-width:640px) {.fusion-title.fusion-title-1{margin-top:10px!important; margin-right:0px!important;margin-bottom:10px!important; margin-left:0px!important;}}<\/style><div class=\"fusion-title title fusion-title-1 fusion-sep-none fusion-title-text fusion-title-size-two\" style=\"font-size:48px;margin-top:10px;margin-right:0px;margin-bottom:15px;margin-left:0px;\"><h2 class=\"title-heading-left\" style=\"margin:0;font-size:1em;color:#333333;\"><div class=\"page\" title=\"Page 1\">\n<div class=\"section\">\n<div class=\"layoutArea\">\n<div class=\"column\">\n<div class=\"page\" title=\"Page 1\">\n<div class=\"section\">\n<div class=\"layoutArea\">\n<div class=\"column\">\n<p>NU SO\u0308KER VI A\u0308NNU EN SERVICETEKNIKER PA\u030a FA\u0308LTET.<\/p>\n<\/div>\n<\/div>\n<\/div>\n<\/div>\n<\/div>\n<\/div>\n<\/div>\n<\/div><\/h2><\/div><div class=\"fusion-separator\" style=\"align-self: flex-start;margin-right:auto;margin-bottom:50px;width:100%;max-width:85px;\"><div class=\"fusion-separator-border sep-single sep-solid\" style=\"border-color:#e8b206;border-top-width:4px;\"><\/div><\/div><div class=\"fusion-text fusion-text-1\"><div class=\"page\" title=\"Page 1\">\n<div class=\"section\">\n<div class=\"layoutArea\">\n<div class=\"column\">\n<div class=\"page\" title=\"Page 1\">\n<div class=\"section\">\n<div class=\"layoutArea\">\n<div class=\"column\">\n<p><strong>NU SO\u0308KER VI A\u0308NNU EN SERVICETEKNIKER PA\u030a FA\u0308LTET.<\/strong><\/p>\n<p>V\u00e4lkommen till K\u00e4rda Maskinservice AB \u2013 Er kompletta truckleverant\u00f6r!<\/p>\n<p>Med \u00f6ver 30 \u00e5rs erfarenhet erbjuder vi begagnade truckar, skurmaskiner och nya Yale-truckar. V\u00e5rt engagerade service-team hanterar reparationer och underh\u00e5ll av alla marknadens k\u00e4nda varum\u00e4rken. Vi str\u00e4var alltid efter h\u00f6g servicegrad och n\u00f6jda kunder, vilket \u00e4r grunden till v\u00e5r framg\u00e5ng.<\/p>\n<p>Vi s\u00f6ker nu en driven Servicetekniker med spetskompetens. Vill du bli en del av v\u00e5rt sammansvetsade team. I rollen ansvarar du f\u00f6r fels\u00f6kning, reparationer och underh\u00e5ll av truckar. Du arbetar sj\u00e4lvst\u00e4ndigt med st\u00f6d fr\u00e5n teamet och anpassar dig till varierande arbetsuppgifter och kundbehov.<\/p>\n<p>Vi tror att du \u00e4r tekniskt driven, noggrann och trivs i kundkontakter. Du har erfarenhet fr\u00e5n reparationer, teknisk support eller reservdelar, g\u00e4rna inom industri eller fordon.<\/p>\n<p>Hos oss f\u00e5r du en arbetsplats d\u00e4r kvalitet, service och gemenskap st\u00e5r i centrum. \u00c4r du redo f\u00f6r din n\u00e4sta utmaning? Vill du bli en b\u00e4rande del i v\u00e5rt vinnarlag? Vi ser fram emot att h\u00f6ra fr\u00e5n dig!<\/p>\n<\/div>\n<\/div>\n<\/div>\n<\/div>\n<\/div>\n<\/div>\n<\/div>\n<\/div>\n<\/div><div class=\"fusion-text fusion-text-2\"><div class=\"page\" title=\"Page 1\">\n<div class=\"section\">\n<div class=\"layoutArea\">\n<div class=\"column\">\n<div class=\"page\" title=\"Page 1\">\n<div class=\"section\">\n<div class=\"layoutArea\">\n<div class=\"column\">\n<p>&nbsp;<\/p>\n<p><b> <a style=\"font-size: 19px;\" href=\"https:\/\/www.fskpeople.se\/lediga-jobb?uuid=fc4f8c1a-2901-4481-ae6c-4c1972040357&amp;type=position\" data-fusion-font=\"true\">S\u00f6k tj\u00e4nsten h\u00e4r<\/a><\/b><\/p>\n<\/div>\n<\/div>\n<\/div>\n<\/div>\n<\/div>\n<\/div>\n<\/div>\n<\/div>\n<\/div><\/div><style type=\"text\/css\">.fusion-body .fusion-builder-column-1{width:50% !important;margin-top : 0px;margin-bottom : 20px;}.fusion-builder-column-1 > .fusion-column-wrapper {padding-top : 0px !important;padding-right : 0px !important;margin-right : 3.84%;padding-bottom : 0px !important;padding-left : 0px !important;margin-left : 3.84%;}@media only screen and (max-width:1024px) {.fusion-body .fusion-builder-column-1{width:50% !important;order : 0;}.fusion-builder-column-1 > .fusion-column-wrapper {margin-right : 3.84%;margin-left : 3.84%;}}@media only screen and (max-width:640px) {.fusion-body .fusion-builder-column-1{width:100% !important;order : 0;}.fusion-builder-column-1 > .fusion-column-wrapper {margin-right : 1.92%;margin-left : 1.92%;}}<\/style><\/div><div class=\"fusion-layout-column fusion_builder_column fusion-builder-column-2 fusion_builder_column_1_2 1_2 fusion-flex-column\"><div class=\"fusion-column-wrapper fusion-flex-justify-content-flex-start fusion-content-layout-column\" style=\"background-position:left top;background-repeat:no-repeat;-webkit-background-size:cover;-moz-background-size:cover;-o-background-size:cover;background-size:cover;padding: 0px 0px 0px 0px;\"><div ><span class=\" fusion-imageframe imageframe-none imageframe-1 hover-type-none\"><img decoding=\"async\" width=\"539\" height=\"358\" title=\"home-pic3\" src=\"https:\/\/kardamaskin.se\/wp-content\/uploads\/2022\/10\/home-pic3.png\" alt class=\"img-responsive wp-image-124\" srcset=\"https:\/\/kardamaskin.se\/wp-content\/uploads\/2022\/10\/home-pic3-200x133.png 200w, https:\/\/kardamaskin.se\/wp-content\/uploads\/2022\/10\/home-pic3-400x266.png 400w, https:\/\/kardamaskin.se\/wp-content\/uploads\/2022\/10\/home-pic3.png 539w\" sizes=\"(max-width: 640px) 100vw, 539px\" \/><\/span><\/div><div ><style>.fusion-imageframe.imageframe-2 img{aspect-ratio:2 \/ 1;object-position:16% 60%;}<\/style><span class=\" fusion-imageframe imageframe-none imageframe-2 hover-type-none has-aspect-ratio\"><img decoding=\"async\" width=\"300\" height=\"200\" title=\"k\u00e4rdamaskinservice_\u00f6ppethus-17\" src=\"https:\/\/kardamaskin.se\/wp-content\/uploads\/2025\/04\/kardamaskinservice_oppethus-17-300x200.jpg\" class=\"img-responsive wp-image-1026 img-with-aspect-ratio\" alt srcset=\"https:\/\/kardamaskin.se\/wp-content\/uploads\/2025\/04\/kardamaskinservice_oppethus-17-200x133.jpg 200w, https:\/\/kardamaskin.se\/wp-content\/uploads\/2025\/04\/kardamaskinservice_oppethus-17-400x267.jpg 400w, https:\/\/kardamaskin.se\/wp-content\/uploads\/2025\/04\/kardamaskinservice_oppethus-17-600x400.jpg 600w, https:\/\/kardamaskin.se\/wp-content\/uploads\/2025\/04\/kardamaskinservice_oppethus-17-800x533.jpg 800w, https:\/\/kardamaskin.se\/wp-content\/uploads\/2025\/04\/kardamaskinservice_oppethus-17-1200x800.jpg 1200w\" sizes=\"(max-width: 640px) 100vw, 600px\" \/><\/span><\/div><\/div><style type=\"text\/css\">.fusion-body .fusion-builder-column-2{width:50% !important;margin-top : 0px;margin-bottom : 20px;}.fusion-builder-column-2 > .fusion-column-wrapper {padding-top : 0px !important;padding-right : 0px !important;margin-right : 3.84%;padding-bottom : 0px !important;padding-left : 0px !important;margin-left : 3.84%;}@media only screen and (max-width:1024px) {.fusion-body .fusion-builder-column-2{width:50% !important;order : 0;}.fusion-builder-column-2 > .fusion-column-wrapper {margin-right : 3.84%;margin-left : 3.84%;}}@media only screen and (max-width:640px) {.fusion-body .fusion-builder-column-2{width:100% !important;order : 0;}.fusion-builder-column-2 > .fusion-column-wrapper {margin-right : 1.92%;margin-left : 1.92%;}}<\/style><\/div><\/div><style type=\"text\/css\">.fusion-body .fusion-flex-container.fusion-builder-row-2{ padding-top : 50px;margin-top : 0px;padding-right : 0px;padding-bottom : 0px;margin-bottom : 0px;padding-left : 0px;}<\/style><\/div><\/p>\n","protected":false},"excerpt":{"rendered":"","protected":false},"author":1,"featured_media":0,"parent":0,"menu_order":0,"comment_status":"closed","ping_status":"closed","template":"100-width.php","meta":{"footnotes":""},"class_list":["post-301","page","type-page","status-publish","hentry"],"_links":{"self":[{"href":"https:\/\/kardamaskin.se\/index.php\/wp-json\/wp\/v2\/pages\/301","targetHints":{"allow":["GET"]}}],"collection":[{"href":"https:\/\/kardamaskin.se\/index.php\/wp-json\/wp\/v2\/pages"}],"about":[{"href":"https:\/\/kardamaskin.se\/index.php\/wp-json\/wp\/v2\/types\/page"}],"author":[{"embeddable":true,"href":"https:\/\/kardamaskin.se\/index.php\/wp-json\/wp\/v2\/users\/1"}],"replies":[{"embeddable":true,"href":"https:\/\/kardamaskin.se\/index.php\/wp-json\/wp\/v2\/comments?post=301"}],"version-history":[{"count":18,"href":"https:\/\/kardamaskin.se\/index.php\/wp-json\/wp\/v2\/pages\/301\/revisions"}],"predecessor-version":[{"id":1028,"href":"https:\/\/kardamaskin.se\/index.php\/wp-json\/wp\/v2\/pages\/301\/revisions\/1028"}],"wp:attachment":[{"href":"https:\/\/kardamaskin.se\/index.php\/wp-json\/wp\/v2\/media?parent=301"}],"curies":[{"name":"wp","href":"https:\/\/api.w.org\/{rel}","templated":true}]}}