{"id":947,"date":"2023-11-14T21:35:48","date_gmt":"2023-11-14T20:35:48","guid":{"rendered":"https:\/\/kardamaskin.se\/?page_id=947"},"modified":"2023-11-14T21:47:24","modified_gmt":"2023-11-14T20:47:24","slug":"fyrvagstruck","status":"publish","type":"page","link":"https:\/\/kardamaskin.se\/index.php\/fyrvagstruck\/","title":{"rendered":"Fyrv\u00e4gstruck"},"content":{"rendered":"<p><div class=\"fusion-fullwidth fullwidth-box fusion-builder-row-1 fusion-flex-container has-pattern-background has-mask-background nonhundred-percent-fullwidth non-hundred-percent-height-scrolling\" style=\"background-color: rgba(255,255,255,0);background-position: center center;background-repeat: no-repeat;border-width: 0px 0px 0px 0px;border-color:var(--awb-color3);border-style:solid;\" ><div class=\"fusion-builder-row fusion-row fusion-flex-align-items-flex-start\" style=\"max-width:1248px;margin-left: calc(-4% \/ 2 );margin-right: calc(-4% \/ 2 );\"><div class=\"fusion-layout-column fusion_builder_column fusion-builder-column-0 fusion_builder_column_1_1 1_1 fusion-flex-column\"><div class=\"fusion-column-wrapper fusion-flex-justify-content-flex-start fusion-content-layout-column\" style=\"background-position:left top;background-repeat:no-repeat;-webkit-background-size:cover;-moz-background-size:cover;-o-background-size:cover;background-size:cover;padding: 0px 0px 0px 0px;\"><style type=\"text\/css\">@media only screen and (max-width:1024px) {.fusion-title.fusion-title-1{margin-top:10px!important; margin-right:0px!important;margin-bottom:15px!important;margin-left:0px!important;}}@media only screen and (max-width:640px) {.fusion-title.fusion-title-1{margin-top:10px!important; margin-right:0px!important;margin-bottom:10px!important; margin-left:0px!important;}}<\/style><div class=\"fusion-title title fusion-title-1 fusion-sep-none fusion-title-text fusion-title-size-three\" style=\"margin-top:10px;margin-right:0px;margin-bottom:15px;margin-left:0px;\"><h3 class=\"title-heading-left\" style=\"margin:0;\">V\u00e4lkommen att kontakta n\u00e5gon av v\u00e5ra <a href=\"https:\/\/ja-truck.com\/kontakt\/\">lokala s\u00e4ljare<\/a> f\u00f6r mer information.<\/h3><\/div><\/div><style type=\"text\/css\">.fusion-body .fusion-builder-column-0{width:100% !important;margin-top : 0px;margin-bottom : 20px;}.fusion-builder-column-0 > .fusion-column-wrapper {padding-top : 0px !important;padding-right : 0px !important;margin-right : 1.92%;padding-bottom : 0px !important;padding-left : 0px !important;margin-left : 1.92%;}@media only screen and (max-width:1024px) {.fusion-body .fusion-builder-column-0{width:100% !important;order : 0;}.fusion-builder-column-0 > .fusion-column-wrapper {margin-right : 1.92%;margin-left : 1.92%;}}@media only screen and (max-width:640px) {.fusion-body .fusion-builder-column-0{width:100% !important;order : 0;}.fusion-builder-column-0 > .fusion-column-wrapper {margin-right : 1.92%;margin-left : 1.92%;}}<\/style><\/div><div class=\"fusion-layout-column fusion_builder_column fusion-builder-column-1 fusion_builder_column_1_2 1_2 fusion-flex-column\"><div class=\"fusion-column-wrapper fusion-flex-justify-content-flex-start fusion-content-layout-column\" style=\"background-position:left top;background-repeat:no-repeat;-webkit-background-size:cover;-moz-background-size:cover;-o-background-size:cover;background-size:cover;padding: 0px 0px 0px 0px;\"><div class=\"fusion-text fusion-text-1\" style=\"text-align:left;\"><p>Fyrv\u00e4gstruckar fr\u00e5n Combilift revolutionerar s\u00e4ttet f\u00f6r kunder att hantera och lagerf\u00f6ra material, speciellt n\u00e4r det kommer till l\u00e5ng-gods och d\u00e4r ytorna \u00e4r en bristvara. Till skillnad mot andra fyrv\u00e4gstruckar \u00e4r Combilifts truckar konstruerade att klara av tuff utomhusmilj\u00f6 p\u00e5 olika underlag.<\/p>\n<p>Med CombiLift CBE kan du \u00f6ka effektiviteten i ditt materialhanteringsarbete. Maskinen kan man\u00f6vreras i tr\u00e5nga utrymmen och k\u00f6ra i olika riktningar, inklusive sidled. Detta g\u00f6r det m\u00f6jligt att snabbt och smidigt navigera i tr\u00e5nga lagerutrymmen eller p\u00e5 tr\u00e5nga arbetsplatser, vilket sparar tid och minimerar risken f\u00f6r skador p\u00e5 material och infrastruktur.<\/p>\n<p>Se filmen som visar Comblifts unika egenskaper h\u00e4r nedan.<\/p>\n<\/div><\/div><style type=\"text\/css\">.fusion-body .fusion-builder-column-1{width:50% !important;margin-top : 0px;margin-bottom : 20px;}.fusion-builder-column-1 > .fusion-column-wrapper {padding-top : 0px !important;padding-right : 0px !important;margin-right : 3.84%;padding-bottom : 0px !important;padding-left : 0px !important;margin-left : 3.84%;}@media only screen and (max-width:1024px) {.fusion-body .fusion-builder-column-1{width:50% !important;order : 0;}.fusion-builder-column-1 > .fusion-column-wrapper {margin-right : 3.84%;margin-left : 3.84%;}}@media only screen and (max-width:640px) {.fusion-body .fusion-builder-column-1{width:100% !important;order : 0;}.fusion-builder-column-1 > .fusion-column-wrapper {margin-right : 1.92%;margin-left : 1.92%;}}<\/style><\/div><div class=\"fusion-layout-column fusion_builder_column fusion-builder-column-2 fusion_builder_column_1_2 1_2 fusion-flex-column\"><div class=\"fusion-column-wrapper fusion-flex-justify-content-flex-start fusion-content-layout-column\" style=\"background-position:left top;background-repeat:no-repeat;-webkit-background-size:cover;-moz-background-size:cover;-o-background-size:cover;background-size:cover;padding: 0px 0px 0px 0px;\"><div class=\"fusion-video fusion-youtube\" style=\"max-width:600px;max-height:360px;align-self:center; width:100%;\"><div class=\"video-shortcode\"><div class=\"fluid-width-video-wrapper\" style=\"padding-top:60%;\" ><iframe title=\"YouTube video player 1\" src=\"https:\/\/www.youtube.com\/embed\/oD6MqneMxug?wmode=transparent&autoplay=0\" width=\"600\" height=\"360\" allowfullscreen allow=\"autoplay; fullscreen\"><\/iframe><\/div><\/div><\/div><\/div><style type=\"text\/css\">.fusion-body .fusion-builder-column-2{width:50% !important;margin-top : 0px;margin-bottom : 20px;}.fusion-builder-column-2 > .fusion-column-wrapper {padding-top : 0px !important;padding-right : 0px !important;margin-right : 3.84%;padding-bottom : 0px !important;padding-left : 0px !important;margin-left : 3.84%;}@media only screen and (max-width:1024px) {.fusion-body .fusion-builder-column-2{width:50% !important;order : 0;}.fusion-builder-column-2 > .fusion-column-wrapper {margin-right : 3.84%;margin-left : 3.84%;}}@media only screen and (max-width:640px) {.fusion-body .fusion-builder-column-2{width:100% !important;order : 0;}.fusion-builder-column-2 > .fusion-column-wrapper {margin-right : 1.92%;margin-left : 1.92%;}}<\/style><\/div><\/div><style type=\"text\/css\">.fusion-body .fusion-flex-container.fusion-builder-row-1{ padding-top : 0px;margin-top : 0px;padding-right : 0px;padding-bottom : 0px;margin-bottom : 0px;padding-left : 0px;}<\/style><\/div><div class=\"fusion-fullwidth fullwidth-box fusion-builder-row-2 fusion-flex-container has-pattern-background has-mask-background nonhundred-percent-fullwidth non-hundred-percent-height-scrolling\" style=\"background-color: rgba(255,255,255,0);background-position: center center;background-repeat: no-repeat;border-width: 0px 0px 0px 0px;border-color:var(--awb-color3);border-style:solid;\" ><div class=\"fusion-builder-row fusion-row fusion-flex-align-items-flex-start\" style=\"max-width:1248px;margin-left: calc(-4% \/ 2 );margin-right: calc(-4% \/ 2 );\"><div class=\"fusion-layout-column fusion_builder_column fusion-builder-column-3 fusion_builder_column_1_1 1_1 fusion-flex-column\"><div class=\"fusion-column-wrapper fusion-flex-justify-content-flex-start fusion-content-layout-column\" style=\"background-position:left top;background-repeat:no-repeat;-webkit-background-size:cover;-moz-background-size:cover;-o-background-size:cover;background-size:cover;padding: 0px 0px 0px 0px;\"><style type=\"text\/css\">.fusion-portfolio-wrapper#fusion-portfolio-1 .fusion-portfolio-content{  text-align: left; }<\/style><div class=\"fusion-recent-works fusion-portfolio-element fusion-portfolio fusion-portfolio-1 fusion-portfolio-grid fusion-portfolio-paging-infinite fusion-portfolio-three fusion-portfolio-unboxed fusion-portfolio-text fusion-portfolio-rollover\" data-id=\"-rw-1\" data-columns=\"three\"><div role=\"menubar\"><ul class=\"fusion-filters\" role=\"menu\" aria-label=\"filters\"><li role=\"menuitem\" class=\"fusion-filter fusion-filter-all fusion-active\"><a href=\"#\" data-filter=\"*\">All<\/a><\/li><li role=\"menuitem\" class=\"fusion-filter fusion-hidden\"><a href=\"#\" data-filter=\".fyrvagstruck\">Fyrv\u00e4gstruck<\/a><\/li><\/ul><\/div><style type=\"text\/css\">.fusion-portfolio-1 .fusion-portfolio-wrapper .fusion-col-spacing{padding:15px;}<\/style><div class=\"fusion-portfolio-wrapper\" id=\"fusion-portfolio-1\" data-picturesize=\"auto\" data-pages=\"5\" style=\"margin:-15px;\"><article id=\"portfolio-1-post-955\" class=\"fusion-portfolio-post fyrvagstruck fusion-col-spacing post-955\"><div class=\"fusion-portfolio-content-wrapper\" style=\"border:none;\"><span class=\"vcard rich-snippet-hidden\"><span class=\"fn\"><a href=\"https:\/\/kardamaskin.se\/index.php\/author\/niklas\/\" title=\"Posts by niklas\" rel=\"author\">niklas<\/a><\/span><\/span><span class=\"updated rich-snippet-hidden\">2023-11-14T21:55:37+01:00<\/span><div  class=\"fusion-image-wrapper\" aria-haspopup=\"true\">\n\t\t\t\t<img decoding=\"async\" width=\"370\" height=\"330\" src=\"https:\/\/kardamaskin.se\/wp-content\/uploads\/2023\/11\/01-CBE.jpg\" class=\"attachment-full size-full wp-post-image\" alt=\"\" srcset=\"https:\/\/kardamaskin.se\/wp-content\/uploads\/2023\/11\/01-CBE-200x178.jpg 200w, https:\/\/kardamaskin.se\/wp-content\/uploads\/2023\/11\/01-CBE.jpg 370w\" sizes=\"(min-width: 2200px) 100vw, (min-width: 784px) 380px, (min-width: 712px) 570px, (min-width: 640px) 712px, \" \/><div class=\"fusion-rollover\">\n\t<div class=\"fusion-rollover-content\">\n\n\t\t\t\t\t\t\t\t\t\t\t\t\t\t<a class=\"fusion-rollover-link\" href=\"https:\/\/kardamaskin.se\/index.php\/portfolio-items\/cbe-2500\/?portfolioCats=22\">CBE 2500<\/a>\n\t\t\t\n\t\t\t\t\t\t\t\t\t\t\t\t\t\t\n\t\t\t\t\t\t\t\t\n\t\t\t\t\t\t\t\t\t\t\t\t\t<div class=\"fusion-rollover-sep\"><\/div>\n\t\t\t\t\n\t\t\t\t\t\t\t\t\t\t\t\t\t\t\t\t\t\t<a class=\"fusion-rollover-gallery\" href=\"https:\/\/kardamaskin.se\/wp-content\/uploads\/2023\/11\/01-CBE.jpg\" data-id=\"955\" data-rel=\"iLightbox[gallery-rw-1]\" data-title=\"01 - CBE\" data-caption=\"\">\n\t\t\t\t\t\tGallery\t\t\t\t\t<\/a>\n\t\t\t\t\t\t\t\t\t\t\t\t\t\t\n\t\t\n\t\t\t\t\t\t\t\t\t\t\t\t<h4 class=\"fusion-rollover-title\">\n\t\t\t\t\t<a class=\"fusion-rollover-title-link\" href=\"https:\/\/kardamaskin.se\/index.php\/portfolio-items\/cbe-2500\/?portfolioCats=22\">\n\t\t\t\t\t\tCBE 2500\t\t\t\t\t<\/a>\n\t\t\t\t<\/h4>\n\t\t\t\n\t\t\t\t\t\t\t\t\t\t<div class=\"fusion-rollover-categories\"><a href=\"https:\/\/kardamaskin.se\/index.php\/portfolio_category\/fyrvagstruck\/\" rel=\"tag\">Fyrv\u00e4gstruck<\/a><\/div>\t\t\t\t\t\n\t\t\n\t\t\t\t\t\t<a class=\"fusion-link-wrapper\" href=\"https:\/\/kardamaskin.se\/index.php\/portfolio-items\/cbe-2500\/?portfolioCats=22\" aria-label=\"CBE 2500\"><\/a>\n\t<\/div>\n<\/div>\n<\/div>\n<div class=\"fusion-portfolio-content\"><h2 class=\"entry-title fusion-post-title\"><a href=\"https:\/\/kardamaskin.se\/index.php\/portfolio-items\/cbe-2500\/?portfolioCats=22\">CBE 2500<\/a><\/h2><div class=\"fusion-portfolio-meta\"><a href=\"https:\/\/kardamaskin.se\/index.php\/portfolio_category\/fyrvagstruck\/\" rel=\"tag\">Fyrv\u00e4gstruck<\/a><\/div><div class=\"fusion-post-content\"><p> COMBILIFT FYRV\u00c4GSTRUCK CBE 2500  CB-serien \u00e4r det innovativa [...]<\/p><\/div><\/div><\/div><\/article><article id=\"portfolio-1-post-959\" class=\"fusion-portfolio-post fyrvagstruck fusion-col-spacing post-959\"><div class=\"fusion-portfolio-content-wrapper\" style=\"border:none;\"><span class=\"vcard rich-snippet-hidden\"><span class=\"fn\"><a href=\"https:\/\/kardamaskin.se\/index.php\/author\/niklas\/\" title=\"Posts by niklas\" rel=\"author\">niklas<\/a><\/span><\/span><span class=\"updated rich-snippet-hidden\">2023-11-14T21:58:20+01:00<\/span><div  class=\"fusion-image-wrapper\" aria-haspopup=\"true\">\n\t\t\t\t<img decoding=\"async\" width=\"370\" height=\"330\" src=\"https:\/\/kardamaskin.se\/wp-content\/uploads\/2023\/11\/01-CBE.jpg\" class=\"attachment-full size-full wp-post-image\" alt=\"\" srcset=\"https:\/\/kardamaskin.se\/wp-content\/uploads\/2023\/11\/01-CBE-200x178.jpg 200w, https:\/\/kardamaskin.se\/wp-content\/uploads\/2023\/11\/01-CBE.jpg 370w\" sizes=\"(min-width: 2200px) 100vw, (min-width: 784px) 380px, (min-width: 712px) 570px, (min-width: 640px) 712px, \" \/><div class=\"fusion-rollover\">\n\t<div class=\"fusion-rollover-content\">\n\n\t\t\t\t\t\t\t\t\t\t\t\t\t\t<a class=\"fusion-rollover-link\" href=\"https:\/\/kardamaskin.se\/index.php\/portfolio-items\/cbe-3000\/?portfolioCats=22\">CBE 3000<\/a>\n\t\t\t\n\t\t\t\t\t\t\t\t\t\t\t\t\t\t\n\t\t\t\t\t\t\t\t\n\t\t\t\t\t\t\t\t\t\t\t\t\t<div class=\"fusion-rollover-sep\"><\/div>\n\t\t\t\t\n\t\t\t\t\t\t\t\t\t\t\t\t\t\t\t\t\t\t<a class=\"fusion-rollover-gallery\" href=\"https:\/\/kardamaskin.se\/wp-content\/uploads\/2023\/11\/01-CBE.jpg\" data-id=\"959\" data-rel=\"iLightbox[gallery-rw-1]\" data-title=\"01 - CBE\" data-caption=\"\">\n\t\t\t\t\t\tGallery\t\t\t\t\t<\/a>\n\t\t\t\t\t\t\t\t\t\t\t\t\t\t\n\t\t\n\t\t\t\t\t\t\t\t\t\t\t\t<h4 class=\"fusion-rollover-title\">\n\t\t\t\t\t<a class=\"fusion-rollover-title-link\" href=\"https:\/\/kardamaskin.se\/index.php\/portfolio-items\/cbe-3000\/?portfolioCats=22\">\n\t\t\t\t\t\tCBE 3000\t\t\t\t\t<\/a>\n\t\t\t\t<\/h4>\n\t\t\t\n\t\t\t\t\t\t\t\t\t\t<div class=\"fusion-rollover-categories\"><a href=\"https:\/\/kardamaskin.se\/index.php\/portfolio_category\/fyrvagstruck\/\" rel=\"tag\">Fyrv\u00e4gstruck<\/a><\/div>\t\t\t\t\t\n\t\t\n\t\t\t\t\t\t<a class=\"fusion-link-wrapper\" href=\"https:\/\/kardamaskin.se\/index.php\/portfolio-items\/cbe-3000\/?portfolioCats=22\" aria-label=\"CBE 3000\"><\/a>\n\t<\/div>\n<\/div>\n<\/div>\n<div class=\"fusion-portfolio-content\"><h2 class=\"entry-title fusion-post-title\"><a href=\"https:\/\/kardamaskin.se\/index.php\/portfolio-items\/cbe-3000\/?portfolioCats=22\">CBE 3000<\/a><\/h2><div class=\"fusion-portfolio-meta\"><a href=\"https:\/\/kardamaskin.se\/index.php\/portfolio_category\/fyrvagstruck\/\" rel=\"tag\">Fyrv\u00e4gstruck<\/a><\/div><div class=\"fusion-post-content\"><p> COMBILIFT FYRV\u00c4GSTRUCK CBE 3000  CB-serien \u00e4r det innovativa [...]<\/p><\/div><\/div><\/div><\/article><article id=\"portfolio-1-post-961\" class=\"fusion-portfolio-post fyrvagstruck fusion-col-spacing post-961\"><div class=\"fusion-portfolio-content-wrapper\" style=\"border:none;\"><span class=\"vcard rich-snippet-hidden\"><span class=\"fn\"><a href=\"https:\/\/kardamaskin.se\/index.php\/author\/niklas\/\" title=\"Posts by niklas\" rel=\"author\">niklas<\/a><\/span><\/span><span class=\"updated rich-snippet-hidden\">2023-11-14T22:00:47+01:00<\/span><div  class=\"fusion-image-wrapper\" aria-haspopup=\"true\">\n\t\t\t\t<img decoding=\"async\" width=\"370\" height=\"330\" src=\"https:\/\/kardamaskin.se\/wp-content\/uploads\/2023\/11\/01-CBE.jpg\" class=\"attachment-full size-full wp-post-image\" alt=\"\" srcset=\"https:\/\/kardamaskin.se\/wp-content\/uploads\/2023\/11\/01-CBE-200x178.jpg 200w, https:\/\/kardamaskin.se\/wp-content\/uploads\/2023\/11\/01-CBE.jpg 370w\" sizes=\"(min-width: 2200px) 100vw, (min-width: 784px) 380px, (min-width: 712px) 570px, (min-width: 640px) 712px, \" \/><div class=\"fusion-rollover\">\n\t<div class=\"fusion-rollover-content\">\n\n\t\t\t\t\t\t\t\t\t\t\t\t\t\t<a class=\"fusion-rollover-link\" href=\"https:\/\/kardamaskin.se\/index.php\/portfolio-items\/cbe-4000\/?portfolioCats=22\">CBE 4000<\/a>\n\t\t\t\n\t\t\t\t\t\t\t\t\t\t\t\t\t\t\n\t\t\t\t\t\t\t\t\n\t\t\t\t\t\t\t\t\t\t\t\t\t<div class=\"fusion-rollover-sep\"><\/div>\n\t\t\t\t\n\t\t\t\t\t\t\t\t\t\t\t\t\t\t\t\t\t\t<a class=\"fusion-rollover-gallery\" href=\"https:\/\/kardamaskin.se\/wp-content\/uploads\/2023\/11\/01-CBE.jpg\" data-id=\"961\" data-rel=\"iLightbox[gallery-rw-1]\" data-title=\"01 - CBE\" data-caption=\"\">\n\t\t\t\t\t\tGallery\t\t\t\t\t<\/a>\n\t\t\t\t\t\t\t\t\t\t\t\t\t\t\n\t\t\n\t\t\t\t\t\t\t\t\t\t\t\t<h4 class=\"fusion-rollover-title\">\n\t\t\t\t\t<a class=\"fusion-rollover-title-link\" href=\"https:\/\/kardamaskin.se\/index.php\/portfolio-items\/cbe-4000\/?portfolioCats=22\">\n\t\t\t\t\t\tCBE 4000\t\t\t\t\t<\/a>\n\t\t\t\t<\/h4>\n\t\t\t\n\t\t\t\t\t\t\t\t\t\t<div class=\"fusion-rollover-categories\"><a href=\"https:\/\/kardamaskin.se\/index.php\/portfolio_category\/fyrvagstruck\/\" rel=\"tag\">Fyrv\u00e4gstruck<\/a><\/div>\t\t\t\t\t\n\t\t\n\t\t\t\t\t\t<a class=\"fusion-link-wrapper\" href=\"https:\/\/kardamaskin.se\/index.php\/portfolio-items\/cbe-4000\/?portfolioCats=22\" aria-label=\"CBE 4000\"><\/a>\n\t<\/div>\n<\/div>\n<\/div>\n<div class=\"fusion-portfolio-content\"><h2 class=\"entry-title fusion-post-title\"><a href=\"https:\/\/kardamaskin.se\/index.php\/portfolio-items\/cbe-4000\/?portfolioCats=22\">CBE 4000<\/a><\/h2><div class=\"fusion-portfolio-meta\"><a href=\"https:\/\/kardamaskin.se\/index.php\/portfolio_category\/fyrvagstruck\/\" rel=\"tag\">Fyrv\u00e4gstruck<\/a><\/div><div class=\"fusion-post-content\"><p>COMBILIFT FYRV\u00c4GSTRUCK CBE 4000 CB-serien \u00e4r det innovativa originalet, motviktstruck [...]<\/p><\/div><\/div><\/div><\/article><\/div><div class=\"fusion-infinite-scroll-trigger\"><\/div><div class=\"pagination infinite-scroll clearfix\" style=\"display:none;\"><span class=\"current\">1<\/span><a href=\"https:\/\/kardamaskin.se\/index.php\/wp-json\/wp\/v2\/pages\/947\/page\/2\/\" class=\"inactive\">2<\/a><a class=\"pagination-next\" rel=\"next\" href=\"https:\/\/kardamaskin.se\/index.php\/wp-json\/wp\/v2\/pages\/947\/page\/2\/\"><span class=\"page-text\">Next<\/span><span class=\"page-next\"><\/span><\/a><\/div><div class=\"fusion-clearfix\"><\/div><\/div><\/div><style type=\"text\/css\">.fusion-body .fusion-builder-column-3{width:100% !important;margin-top : 0px;margin-bottom : 20px;}.fusion-builder-column-3 > .fusion-column-wrapper {padding-top : 0px !important;padding-right : 0px !important;margin-right : 1.92%;padding-bottom : 0px !important;padding-left : 0px !important;margin-left : 1.92%;}@media only screen and (max-width:1024px) {.fusion-body .fusion-builder-column-3{width:100% !important;order : 0;}.fusion-builder-column-3 > .fusion-column-wrapper {margin-right : 1.92%;margin-left : 1.92%;}}@media only screen and (max-width:640px) {.fusion-body .fusion-builder-column-3{width:100% !important;order : 0;}.fusion-builder-column-3 > .fusion-column-wrapper {margin-right : 1.92%;margin-left : 1.92%;}}<\/style><\/div><\/div><style type=\"text\/css\">.fusion-body .fusion-flex-container.fusion-builder-row-2{ padding-top : 0px;margin-top : 0px;padding-right : 0px;padding-bottom : 0px;margin-bottom : 0px;padding-left : 0px;}<\/style><\/div><\/p>\n","protected":false},"excerpt":{"rendered":"","protected":false},"author":1,"featured_media":0,"parent":0,"menu_order":0,"comment_status":"closed","ping_status":"closed","template":"100-width.php","meta":{"footnotes":""},"class_list":["post-947","page","type-page","status-publish","hentry"],"_links":{"self":[{"href":"https:\/\/kardamaskin.se\/index.php\/wp-json\/wp\/v2\/pages\/947","targetHints":{"allow":["GET"]}}],"collection":[{"href":"https:\/\/kardamaskin.se\/index.php\/wp-json\/wp\/v2\/pages"}],"about":[{"href":"https:\/\/kardamaskin.se\/index.php\/wp-json\/wp\/v2\/types\/page"}],"author":[{"embeddable":true,"href":"https:\/\/kardamaskin.se\/index.php\/wp-json\/wp\/v2\/users\/1"}],"replies":[{"embeddable":true,"href":"https:\/\/kardamaskin.se\/index.php\/wp-json\/wp\/v2\/comments?post=947"}],"version-history":[{"count":4,"href":"https:\/\/kardamaskin.se\/index.php\/wp-json\/wp\/v2\/pages\/947\/revisions"}],"predecessor-version":[{"id":954,"href":"https:\/\/kardamaskin.se\/index.php\/wp-json\/wp\/v2\/pages\/947\/revisions\/954"}],"wp:attachment":[{"href":"https:\/\/kardamaskin.se\/index.php\/wp-json\/wp\/v2\/media?parent=947"}],"curies":[{"name":"wp","href":"https:\/\/api.w.org\/{rel}","templated":true}]}}